{"id":2708,"date":"2024-02-27T19:16:29","date_gmt":"2024-02-27T19:16:29","guid":{"rendered":"https:\/\/pedagogi.si\/?page_id=2708"},"modified":"2024-02-29T17:35:19","modified_gmt":"2024-02-29T17:35:19","slug":"konzorcijski-partnerji","status":"publish","type":"page","link":"https:\/\/pedagogi.si\/index.php\/konzorcijski-partnerji\/","title":{"rendered":"Konzorcijski partnerji"},"content":{"rendered":"<p><div class=\"fusion-fullwidth fullwidth-box fusion-builder-row-1 fusion-flex-container nonhundred-percent-fullwidth non-hundred-percent-height-scrolling\" style=\"--awb-border-radius-top-left:0px;--awb-border-radius-top-right:0px;--awb-border-radius-bottom-right:0px;--awb-border-radius-bottom-left:0px;--awb-padding-top:0px;--awb-padding-bottom:0px;--awb-background-image:linear-gradient(180deg, var(--awb-color4) 60%,var(--awb-color1) 60%);--awb-flex-wrap:wrap;\" ><div class=\"fusion-builder-row fusion-row fusion-flex-align-items-stretch fusion-flex-content-wrap\" style=\"max-width:1310.4px;margin-left: calc(-4% \/ 2 );margin-right: calc(-4% \/ 2 );\"><\/div><\/div><div class=\"fusion-fullwidth fullwidth-box fusion-builder-row-2 fusion-flex-container nonhundred-percent-fullwidth non-hundred-percent-height-scrolling\" style=\"--awb-border-radius-top-left:0px;--awb-border-radius-top-right:0px;--awb-border-radius-bottom-right:0px;--awb-border-radius-bottom-left:0px;--awb-padding-top:50px;--awb-padding-top-medium:40px;--awb-padding-bottom-medium:48px;--awb-padding-top-small:0px;--awb-padding-bottom-small:20px;--awb-flex-wrap:wrap;\" ><div class=\"fusion-builder-row fusion-row fusion-flex-align-items-flex-start fusion-flex-justify-content-center fusion-flex-content-wrap\" style=\"max-width:1310.4px;margin-left: calc(-4% \/ 2 );margin-right: calc(-4% \/ 2 );\"><div class=\"fusion-layout-column fusion_builder_column fusion-builder-column-0 fusion_builder_column_3_5 3_5 fusion-flex-column\" style=\"--awb-bg-size:cover;--awb-width-large:60%;--awb-margin-top-large:20px;--awb-spacing-right-large:3.2%;--awb-margin-bottom-large:20px;--awb-spacing-left-large:3.2%;--awb-width-medium:66.666666666667%;--awb-order-medium:0;--awb-spacing-right-medium:2.88%;--awb-spacing-left-medium:2.88%;--awb-width-small:100%;--awb-order-small:0;--awb-spacing-right-small:1.92%;--awb-spacing-left-small:1.92%;\"><div class=\"fusion-column-wrapper fusion-column-has-shadow fusion-flex-justify-content-flex-start fusion-content-layout-column\"><div class=\"fusion-image-element \" style=\"text-align:center;--awb-caption-title-font-family:var(--h2_typography-font-family);--awb-caption-title-font-weight:var(--h2_typography-font-weight);--awb-caption-title-font-style:var(--h2_typography-font-style);--awb-caption-title-size:var(--h2_typography-font-size);--awb-caption-title-transform:var(--h2_typography-text-transform);--awb-caption-title-line-height:var(--h2_typography-line-height);--awb-caption-title-letter-spacing:var(--h2_typography-letter-spacing);\"><span class=\" fusion-imageframe imageframe-none imageframe-1 hover-type-none\" style=\"border-radius:12px;\"><img decoding=\"async\" width=\"235\" height=\"118\" title=\"logo_UL\" src=\"https:\/\/pedagogi.si\/wp-content\/uploads\/2024\/02\/logo_UL.png\" data-orig-src=\"https:\/\/pedagogi.si\/wp-content\/uploads\/2024\/02\/logo_UL.png\" alt class=\"lazyload img-responsive wp-image-2372\" srcset=\"data:image\/svg+xml,%3Csvg%20xmlns%3D%27http%3A%2F%2Fwww.w3.org%2F2000%2Fsvg%27%20width%3D%27235%27%20height%3D%27118%27%20viewBox%3D%270%200%20235%20118%27%3E%3Crect%20width%3D%27235%27%20height%3D%27118%27%20fill-opacity%3D%220%22%2F%3E%3C%2Fsvg%3E\" data-srcset=\"https:\/\/pedagogi.si\/wp-content\/uploads\/2024\/02\/logo_UL-200x100.png 200w, https:\/\/pedagogi.si\/wp-content\/uploads\/2024\/02\/logo_UL.png 235w\" data-sizes=\"auto\" data-orig-sizes=\"(max-width: 640px) 100vw, 235px\" \/><\/span><\/div><div class=\"fusion-text fusion-text-1\" style=\"--awb-content-alignment:justify;\"><p>Na Univerzi v Ljubljani je v projekt vklju\u010deno osem \u010dlanic, ki izvajajo pedago\u0161ke \u0161tudijske programe, in sicer <em>Akademija za glasbo, Biotehni\u0161ka fakulteta, Fakulteta za kemijo in kemijsko tehnologijo, Fakulteta za matematiko in fiziko, Fakulteta za \u0161port, Filozofska fakulteta, Pedago\u0161ka fakulteta in Teolo\u0161ka fakulteta<\/em>.<\/p>\n<\/div><\/div><\/div><div class=\"fusion-layout-column fusion_builder_column fusion-builder-column-1 fusion_builder_column_3_5 3_5 fusion-flex-column\" style=\"--awb-bg-size:cover;--awb-width-large:60%;--awb-margin-top-large:20px;--awb-spacing-right-large:3.2%;--awb-margin-bottom-large:20px;--awb-spacing-left-large:3.2%;--awb-width-medium:66.666666666667%;--awb-order-medium:0;--awb-spacing-right-medium:2.88%;--awb-spacing-left-medium:2.88%;--awb-width-small:100%;--awb-order-small:0;--awb-spacing-right-small:1.92%;--awb-spacing-left-small:1.92%;\"><div class=\"fusion-column-wrapper fusion-column-has-shadow fusion-flex-justify-content-flex-start fusion-content-layout-column\"><div class=\"fusion-image-element \" style=\"text-align:center;--awb-caption-title-font-family:var(--h2_typography-font-family);--awb-caption-title-font-weight:var(--h2_typography-font-weight);--awb-caption-title-font-style:var(--h2_typography-font-style);--awb-caption-title-size:var(--h2_typography-font-size);--awb-caption-title-transform:var(--h2_typography-text-transform);--awb-caption-title-line-height:var(--h2_typography-line-height);--awb-caption-title-letter-spacing:var(--h2_typography-letter-spacing);\"><span class=\" fusion-imageframe imageframe-none imageframe-2 hover-type-none\" style=\"border-radius:12px;\"><img decoding=\"async\" width=\"240\" height=\"132\" title=\"logo_UM\" src=\"https:\/\/pedagogi.si\/wp-content\/uploads\/2024\/02\/logo_UM.png\" data-orig-src=\"https:\/\/pedagogi.si\/wp-content\/uploads\/2024\/02\/logo_UM.png\" alt class=\"lazyload img-responsive wp-image-2374\" srcset=\"data:image\/svg+xml,%3Csvg%20xmlns%3D%27http%3A%2F%2Fwww.w3.org%2F2000%2Fsvg%27%20width%3D%27240%27%20height%3D%27132%27%20viewBox%3D%270%200%20240%20132%27%3E%3Crect%20width%3D%27240%27%20height%3D%27132%27%20fill-opacity%3D%220%22%2F%3E%3C%2Fsvg%3E\" data-srcset=\"https:\/\/pedagogi.si\/wp-content\/uploads\/2024\/02\/logo_UM-200x110.png 200w, https:\/\/pedagogi.si\/wp-content\/uploads\/2024\/02\/logo_UM.png 240w\" data-sizes=\"auto\" data-orig-sizes=\"(max-width: 640px) 100vw, 240px\" \/><\/span><\/div><div class=\"fusion-text fusion-text-2\" style=\"--awb-content-alignment:justify;\"><p>Na Univerzi v Mariboru so v projekt vklju\u010dene tri \u010dlanice, in sicer <em>Pedago\u0161ka fakulteta, Fakulteta za naravoslovje in matematiko in Filozofska fakulteta<\/em>.<\/p>\n<\/div><\/div><\/div><div class=\"fusion-layout-column fusion_builder_column fusion-builder-column-2 fusion_builder_column_3_5 3_5 fusion-flex-column\" style=\"--awb-bg-size:cover;--awb-width-large:60%;--awb-margin-top-large:20px;--awb-spacing-right-large:3.2%;--awb-margin-bottom-large:20px;--awb-spacing-left-large:3.2%;--awb-width-medium:66.666666666667%;--awb-order-medium:0;--awb-spacing-right-medium:2.88%;--awb-spacing-left-medium:2.88%;--awb-width-small:100%;--awb-order-small:0;--awb-spacing-right-small:1.92%;--awb-spacing-left-small:1.92%;\"><div class=\"fusion-column-wrapper fusion-column-has-shadow fusion-flex-justify-content-flex-start fusion-content-layout-column\"><div class=\"fusion-image-element \" style=\"text-align:center;--awb-caption-title-font-family:var(--h2_typography-font-family);--awb-caption-title-font-weight:var(--h2_typography-font-weight);--awb-caption-title-font-style:var(--h2_typography-font-style);--awb-caption-title-size:var(--h2_typography-font-size);--awb-caption-title-transform:var(--h2_typography-text-transform);--awb-caption-title-line-height:var(--h2_typography-line-height);--awb-caption-title-letter-spacing:var(--h2_typography-letter-spacing);\"><span class=\" fusion-imageframe imageframe-none imageframe-3 hover-type-none\" style=\"border-radius:12px;\"><img decoding=\"async\" width=\"277\" height=\"119\" title=\"logo_UP\" src=\"https:\/\/pedagogi.si\/wp-content\/uploads\/2024\/02\/logo_UP.png\" data-orig-src=\"https:\/\/pedagogi.si\/wp-content\/uploads\/2024\/02\/logo_UP.png\" alt class=\"lazyload img-responsive wp-image-2375\" srcset=\"data:image\/svg+xml,%3Csvg%20xmlns%3D%27http%3A%2F%2Fwww.w3.org%2F2000%2Fsvg%27%20width%3D%27277%27%20height%3D%27119%27%20viewBox%3D%270%200%20277%20119%27%3E%3Crect%20width%3D%27277%27%20height%3D%27119%27%20fill-opacity%3D%220%22%2F%3E%3C%2Fsvg%3E\" data-srcset=\"https:\/\/pedagogi.si\/wp-content\/uploads\/2024\/02\/logo_UP-200x86.png 200w, https:\/\/pedagogi.si\/wp-content\/uploads\/2024\/02\/logo_UP.png 277w\" data-sizes=\"auto\" data-orig-sizes=\"(max-width: 640px) 100vw, 277px\" \/><\/span><\/div><div class=\"fusion-text fusion-text-3\" style=\"--awb-content-alignment:justify;\"><p>Na Univerzi na Primorskem so v projekt vklju\u010dene tri \u010dlanice, ki izvajajo pedago\u0161ke \u0161tudijske programe, in sicer <em>Fakulteta za humanisti\u010dne \u0161tudije, Pedago\u0161ka fakulteta in Fakulteta za vede o zdravju<\/em>.<\/p>\n<\/div><\/div><\/div><\/div><\/div><\/p>\n","protected":false},"excerpt":{"rendered":"","protected":false},"author":1,"featured_media":0,"parent":0,"menu_order":0,"comment_status":"closed","ping_status":"closed","template":"100-width.php","meta":{"footnotes":""},"class_list":["post-2708","page","type-page","status-publish","hentry"],"_links":{"self":[{"href":"https:\/\/pedagogi.si\/index.php\/wp-json\/wp\/v2\/pages\/2708","targetHints":{"allow":["GET"]}}],"collection":[{"href":"https:\/\/pedagogi.si\/index.php\/wp-json\/wp\/v2\/pages"}],"about":[{"href":"https:\/\/pedagogi.si\/index.php\/wp-json\/wp\/v2\/types\/page"}],"author":[{"embeddable":true,"href":"https:\/\/pedagogi.si\/index.php\/wp-json\/wp\/v2\/users\/1"}],"replies":[{"embeddable":true,"href":"https:\/\/pedagogi.si\/index.php\/wp-json\/wp\/v2\/comments?post=2708"}],"version-history":[{"count":4,"href":"https:\/\/pedagogi.si\/index.php\/wp-json\/wp\/v2\/pages\/2708\/revisions"}],"predecessor-version":[{"id":2743,"href":"https:\/\/pedagogi.si\/index.php\/wp-json\/wp\/v2\/pages\/2708\/revisions\/2743"}],"wp:attachment":[{"href":"https:\/\/pedagogi.si\/index.php\/wp-json\/wp\/v2\/media?parent=2708"}],"curies":[{"name":"wp","href":"https:\/\/api.w.org\/{rel}","templated":true}]}}