{"id":2575,"date":"2024-02-22T15:17:41","date_gmt":"2024-02-22T15:17:41","guid":{"rendered":"https:\/\/pedagogi.si\/?page_id=2575"},"modified":"2024-02-29T17:32:20","modified_gmt":"2024-02-29T17:32:20","slug":"o-projektu","status":"publish","type":"page","link":"https:\/\/pedagogi.si\/index.php\/o-projektu\/","title":{"rendered":"O projektu"},"content":{"rendered":"<p><div class=\"fusion-fullwidth fullwidth-box fusion-builder-row-1 fusion-flex-container nonhundred-percent-fullwidth non-hundred-percent-height-scrolling\" style=\"--awb-border-radius-top-left:0px;--awb-border-radius-top-right:0px;--awb-border-radius-bottom-right:0px;--awb-border-radius-bottom-left:0px;--awb-padding-top:0px;--awb-padding-bottom:0px;--awb-background-image:linear-gradient(180deg, var(--awb-color4) 60%,var(--awb-color1) 60%);--awb-flex-wrap:wrap;\" ><div class=\"fusion-builder-row fusion-row fusion-flex-align-items-stretch fusion-flex-content-wrap\" style=\"max-width:1310.4px;margin-left: calc(-4% \/ 2 );margin-right: calc(-4% \/ 2 );\"><\/div><\/div><div class=\"fusion-fullwidth fullwidth-box fusion-builder-row-2 fusion-flex-container nonhundred-percent-fullwidth non-hundred-percent-height-scrolling\" style=\"--awb-border-radius-top-left:0px;--awb-border-radius-top-right:0px;--awb-border-radius-bottom-right:0px;--awb-border-radius-bottom-left:0px;--awb-padding-top:50px;--awb-padding-top-medium:40px;--awb-padding-bottom-medium:48px;--awb-padding-top-small:0px;--awb-padding-bottom-small:20px;--awb-flex-wrap:wrap;\" ><div class=\"fusion-builder-row fusion-row fusion-flex-align-items-flex-start fusion-flex-justify-content-center fusion-flex-content-wrap\" style=\"max-width:1310.4px;margin-left: calc(-4% \/ 2 );margin-right: calc(-4% \/ 2 );\"><div class=\"fusion-layout-column fusion_builder_column fusion-builder-column-0 fusion_builder_column_3_5 3_5 fusion-flex-column\" style=\"--awb-bg-size:cover;--awb-width-large:60%;--awb-margin-top-large:20px;--awb-spacing-right-large:3.2%;--awb-margin-bottom-large:20px;--awb-spacing-left-large:3.2%;--awb-width-medium:66.666666666667%;--awb-order-medium:0;--awb-spacing-right-medium:2.88%;--awb-spacing-left-medium:2.88%;--awb-width-small:100%;--awb-order-small:0;--awb-spacing-right-small:1.92%;--awb-spacing-left-small:1.92%;\"><div class=\"fusion-column-wrapper fusion-column-has-shadow fusion-flex-justify-content-flex-start fusion-content-layout-column\"><div class=\"fusion-text fusion-text-1\" style=\"--awb-content-alignment:justify;\"><p>Projekt \u00bb<em>Posodobitev pedago\u0161kih \u0161tudijskih programov \u2013 Posodobitev P\u0160P NOO<\/em>\u00ab izvajajo Univerza v Ljubljani, Univerza v Mariboru in Univerza na Primorskem. Sofinanciran je s strani Ministrstva za vzgojo in izobra\u017eevanje in Evropske komisije (NextGenerationEU). Vi\u0161ina odobrenih sredstev za projekt zna\u0161a najve\u010d 1.990.000,00 EUR in se financira iz sredstev Mehanizma za okrevanje in odpornost. Obdobje izvajanja projekta je od&nbsp; 1. 7. 2023 do 30. 6. 2026.<\/p>\n<p>Namen projekta je posodobitev razli\u010dnih vrst pedago\u0161kih \u0161tudijskih programov v smeri razvijanja kompetenc, pomembnih za soo\u010danje z aktualnimi izzivi in izzivi prihodnosti. S posodobitvijo obstoje\u010dih ali s pripravo novih u\u010dnih na\u010drtov pedago\u0161kih \u0161tudijskih programov bo projekt prispeval k dvigu kompetenc s poudarkom na digitalnih kompetencah in kompetencah za trajnostni razvoj bodo\u010dih strokovnih delavcev v vzgoji in izobra\u017eevanju.<\/p>\n<p>Cilj projekta je pripraviti kompeten\u010dni okvir s poudarkom na digitalnih kompetencah in kompetencah za trajnostni razvoj, ki bo slu\u017eil kot podlaga za analizo obstoje\u010dih pedago\u0161kih \u0161tudijskih programov za pridobitev izobrazbe in za izpopolnjevanje ter oblikovanje, izvedbo in evalvacijo najmanj 92 pilotnih projektov posodobitve le-teh z vidika krepitve kompetenc, pomembnih za soo\u010danje z aktualnimi izzivi in izzivi prihodnosti, s poudarkom na digitalnih kompetencah in kompetencah za trajnostni razvoj.<\/p>\n<\/div><\/div><\/div><\/div><\/div><\/p>\n","protected":false},"excerpt":{"rendered":"","protected":false},"author":1,"featured_media":0,"parent":0,"menu_order":0,"comment_status":"closed","ping_status":"closed","template":"100-width.php","meta":{"footnotes":""},"class_list":["post-2575","page","type-page","status-publish","hentry"],"_links":{"self":[{"href":"https:\/\/pedagogi.si\/index.php\/wp-json\/wp\/v2\/pages\/2575","targetHints":{"allow":["GET"]}}],"collection":[{"href":"https:\/\/pedagogi.si\/index.php\/wp-json\/wp\/v2\/pages"}],"about":[{"href":"https:\/\/pedagogi.si\/index.php\/wp-json\/wp\/v2\/types\/page"}],"author":[{"embeddable":true,"href":"https:\/\/pedagogi.si\/index.php\/wp-json\/wp\/v2\/users\/1"}],"replies":[{"embeddable":true,"href":"https:\/\/pedagogi.si\/index.php\/wp-json\/wp\/v2\/comments?post=2575"}],"version-history":[{"count":5,"href":"https:\/\/pedagogi.si\/index.php\/wp-json\/wp\/v2\/pages\/2575\/revisions"}],"predecessor-version":[{"id":2741,"href":"https:\/\/pedagogi.si\/index.php\/wp-json\/wp\/v2\/pages\/2575\/revisions\/2741"}],"wp:attachment":[{"href":"https:\/\/pedagogi.si\/index.php\/wp-json\/wp\/v2\/media?parent=2575"}],"curies":[{"name":"wp","href":"https:\/\/api.w.org\/{rel}","templated":true}]}}